{"id":7,"date":"2025-12-17T03:23:24","date_gmt":"2025-12-17T02:23:24","guid":{"rendered":"https:\/\/lacajaverde.mx\/?page_id=7"},"modified":"2025-12-17T05:16:31","modified_gmt":"2025-12-17T04:16:31","slug":"hello-theme-7","status":"publish","type":"page","link":"https:\/\/lacajaverde.mx\/","title":{"rendered":"Portada"},"content":{"rendered":"\t\t<div data-elementor-type=\"wp-page\" data-elementor-id=\"7\" class=\"elementor elementor-7\" data-elementor-post-type=\"page\">\n\t\t\t\t<div class=\"elementor-element elementor-element-6008780 e-flex e-con-boxed e-con e-parent\" data-id=\"6008780\" data-element_type=\"container\" data-e-type=\"container\">\n\t\t\t\t\t<div class=\"e-con-inner\">\n\t\t\t\t<div class=\"elementor-element elementor-element-665d60a elementor-widget elementor-widget-heading\" data-id=\"665d60a\" data-element_type=\"widget\" data-e-type=\"widget\" data-widget_type=\"heading.default\">\n\t\t\t\t\t<h2 class=\"elementor-heading-title elementor-size-default\">\u00a1Llevamos productos frescos de temporada, abarrotes y m\u00e1s, a precios competitivos directo a tu casa!<\/h2>\t\t\t\t<\/div>\n\t\t\t\t\t<\/div>\n\t\t\t\t<\/div>\n\t\t<div class=\"elementor-element elementor-element-2eb5b57 e-flex e-con-boxed e-con e-parent\" data-id=\"2eb5b57\" data-element_type=\"container\" data-e-type=\"container\">\n\t\t\t\t\t<div class=\"e-con-inner\">\n\t\t\t\t<div class=\"elementor-element elementor-element-1082c80 elementor-widget elementor-widget-image\" data-id=\"1082c80\" data-element_type=\"widget\" data-e-type=\"widget\" data-widget_type=\"image.default\">\n\t\t\t\t\t\t\t\t\t\t\t\t\t\t\t<img fetchpriority=\"high\" decoding=\"async\" width=\"800\" height=\"478\" src=\"https:\/\/lacajaverde.mx\/wp-content\/uploads\/2025\/12\/frutas_y_verduras_frescas.jpg\" class=\"attachment-large size-large wp-image-90\" alt=\"Frutas y verduras frescas a domicilio\" srcset=\"https:\/\/lacajaverde.mx\/wp-content\/uploads\/2025\/12\/frutas_y_verduras_frescas.jpg 847w, https:\/\/lacajaverde.mx\/wp-content\/uploads\/2025\/12\/frutas_y_verduras_frescas-600x358.jpg 600w, https:\/\/lacajaverde.mx\/wp-content\/uploads\/2025\/12\/frutas_y_verduras_frescas-300x179.jpg 300w, https:\/\/lacajaverde.mx\/wp-content\/uploads\/2025\/12\/frutas_y_verduras_frescas-768x459.jpg 768w\" sizes=\"(max-width: 800px) 100vw, 800px\" \/>\t\t\t\t\t\t\t\t\t\t\t\t\t\t\t<\/div>\n\t\t\t\t\t<\/div>\n\t\t\t\t<\/div>\n\t\t<div class=\"elementor-element elementor-element-dbdf333 e-con-full e-flex e-con e-parent\" data-id=\"dbdf333\" data-element_type=\"container\" data-e-type=\"container\">\n\t\t\t\t<div class=\"elementor-element elementor-element-8752f69 elementor-widget elementor-widget-heading\" data-id=\"8752f69\" data-element_type=\"widget\" data-e-type=\"widget\" data-widget_type=\"heading.default\">\n\t\t\t\t\t<h3 class=\"elementor-heading-title elementor-size-default\">En este momento s\u00f3lo atendemos algunas colonias de \nCoyoac\u00e1n, Iztacalco e Iztapalapa en la CDMX.<\/h3>\t\t\t\t<\/div>\n\t\t\t\t<div class=\"elementor-element elementor-element-f7c6659 elementor-widget elementor-widget-text-editor\" data-id=\"f7c6659\" data-element_type=\"widget\" data-e-type=\"widget\" data-widget_type=\"text-editor.default\">\n\t\t\t\t\t\t\t\t\t<p>El alta de usuarios es por invitaci\u00f3n, todav\u00eda no estamos atendiendo al p\u00fablico en general.<\/p>\t\t\t\t\t\t\t\t<\/div>\n\t\t\t\t<\/div>\n\t\t\t\t<\/div>\n\t\t","protected":false},"excerpt":{"rendered":"<p>\u00a1Llevamos productos frescos de temporada, abarrotes y m\u00e1s, a precios competitivos directo a tu casa! En este momento s\u00f3lo atendemos algunas colonias de Coyoac\u00e1n, Iztacalco e Iztapalapa en la CDMX. El alta de usuarios es por invitaci\u00f3n, todav\u00eda no estamos atendiendo al p\u00fablico en general.<\/p>\n","protected":false},"author":1,"featured_media":0,"parent":0,"menu_order":0,"comment_status":"closed","ping_status":"closed","template":"","meta":{"footnotes":""},"class_list":["post-7","page","type-page","status-publish","hentry"],"_links":{"self":[{"href":"https:\/\/lacajaverde.mx\/index.php?rest_route=\/wp\/v2\/pages\/7","targetHints":{"allow":["GET"]}}],"collection":[{"href":"https:\/\/lacajaverde.mx\/index.php?rest_route=\/wp\/v2\/pages"}],"about":[{"href":"https:\/\/lacajaverde.mx\/index.php?rest_route=\/wp\/v2\/types\/page"}],"author":[{"embeddable":true,"href":"https:\/\/lacajaverde.mx\/index.php?rest_route=\/wp\/v2\/users\/1"}],"replies":[{"embeddable":true,"href":"https:\/\/lacajaverde.mx\/index.php?rest_route=%2Fwp%2Fv2%2Fcomments&post=7"}],"version-history":[{"count":16,"href":"https:\/\/lacajaverde.mx\/index.php?rest_route=\/wp\/v2\/pages\/7\/revisions"}],"predecessor-version":[{"id":116,"href":"https:\/\/lacajaverde.mx\/index.php?rest_route=\/wp\/v2\/pages\/7\/revisions\/116"}],"wp:attachment":[{"href":"https:\/\/lacajaverde.mx\/index.php?rest_route=%2Fwp%2Fv2%2Fmedia&parent=7"}],"curies":[{"name":"wp","href":"https:\/\/api.w.org\/{rel}","templated":true}]}}